{"id":1604,"date":"2019-04-28T19:06:53","date_gmt":"2019-04-28T19:06:53","guid":{"rendered":"http:\/\/kunst-argentina.com\/?page_id=1604"},"modified":"2020-01-20T11:31:30","modified_gmt":"2020-01-20T14:31:30","slug":"novedades-kunst","status":"publish","type":"page","link":"https:\/\/kunst-argentina.com\/?page_id=1604","title":{"rendered":"Novedades Kunst"},"content":{"rendered":"\t\t<div data-elementor-type=\"wp-post\" data-elementor-id=\"1604\" class=\"elementor elementor-1604\">\n\t\t\t\t\t\t\t\t\t<section class=\"elementor-section elementor-top-section elementor-element elementor-element-51122e8 elementor-section-boxed elementor-section-height-default elementor-section-height-default\" data-id=\"51122e8\" data-element_type=\"section\">\n\t\t\t\t\t\t<div class=\"elementor-container elementor-column-gap-default\">\n\t\t\t\t\t<div class=\"elementor-column elementor-col-100 elementor-top-column elementor-element elementor-element-d3db71f\" data-id=\"d3db71f\" data-element_type=\"column\">\n\t\t\t<div class=\"elementor-widget-wrap elementor-element-populated\">\n\t\t\t\t\t\t\t\t<div class=\"elementor-element elementor-element-90a39c2 elementor-widget elementor-widget-heading\" data-id=\"90a39c2\" data-element_type=\"widget\" data-widget_type=\"heading.default\">\n\t\t\t\t<div class=\"elementor-widget-container\">\n\t\t\t<h1 class=\"elementor-heading-title elementor-size-default\">Eventos Kunst<\/h1>\t\t<\/div>\n\t\t\t\t<\/div>\n\t\t\t\t\t<\/div>\n\t\t<\/div>\n\t\t\t\t\t\t\t<\/div>\n\t\t<\/section>\n\t\t\t\t<section class=\"elementor-section elementor-top-section elementor-element elementor-element-4fc71f1 elementor-section-boxed elementor-section-height-default elementor-section-height-default\" data-id=\"4fc71f1\" data-element_type=\"section\">\n\t\t\t\t\t\t<div class=\"elementor-container elementor-column-gap-default\">\n\t\t\t\t\t<div class=\"elementor-column elementor-col-50 elementor-top-column elementor-element elementor-element-7e50880\" data-id=\"7e50880\" data-element_type=\"column\">\n\t\t\t<div class=\"elementor-widget-wrap elementor-element-populated\">\n\t\t\t\t\t\t\t\t<div class=\"elementor-element elementor-element-c14cbbc elementor-widget elementor-widget-heading\" data-id=\"c14cbbc\" data-element_type=\"widget\" data-widget_type=\"heading.default\">\n\t\t\t\t<div class=\"elementor-widget-container\">\n\t\t\t<h2 class=\"elementor-heading-title elementor-size-default\">Final Torneo Superbike Argentino\nSan Nicolas, Bs. As. 2019<\/h2>\t\t<\/div>\n\t\t\t\t<\/div>\n\t\t\t\t<div class=\"elementor-element elementor-element-57df3b7 elementor-widget elementor-widget-text-editor\" data-id=\"57df3b7\" data-element_type=\"widget\" data-widget_type=\"text-editor.default\">\n\t\t\t\t<div class=\"elementor-widget-container\">\n\t\t\t\t\t\t\t<p><span style=\"font-size: 0.875rem;\">Kunst Argentina se unio al Equipo de Motor Dos para participar como expositor en la final del torneo Superbike Argentino, realizado en el Autodromo de San Nicolas entre el S\u00e1bado 30 de Noviembre y domingo 1 de Diciembre de 2019.<\/span><\/p><p>El SuperBike Argentino, es considerada la categor\u00eda m\u00e1s veloz de Latinoam\u00e9rica en el motociclismo y como era de esperar la edicion de 2019 tuvo una nutrida concurrencia entre los fans de motociclismo.<\/p>\t\t\t\t\t\t<\/div>\n\t\t\t\t<\/div>\n\t\t\t\t<div class=\"elementor-element elementor-element-62e72ae elementor-widget elementor-widget-text-editor\" data-id=\"62e72ae\" data-element_type=\"widget\" data-widget_type=\"text-editor.default\">\n\t\t\t\t<div class=\"elementor-widget-container\">\n\t\t\t\t\t\t\t\t\t\t\t\t\t<\/div>\n\t\t\t\t<\/div>\n\t\t\t\t\t<\/div>\n\t\t<\/div>\n\t\t\t\t<div class=\"elementor-column elementor-col-50 elementor-top-column elementor-element elementor-element-bd530c9\" data-id=\"bd530c9\" data-element_type=\"column\">\n\t\t\t<div class=\"elementor-widget-wrap elementor-element-populated\">\n\t\t\t\t\t\t\t\t<div class=\"elementor-element elementor-element-b9250b6 elementor-widget elementor-widget-image\" data-id=\"b9250b6\" data-element_type=\"widget\" data-widget_type=\"image.default\">\n\t\t\t\t<div class=\"elementor-widget-container\">\n\t\t\t\t\t\t\t\t\t\t\t\t\t\t\t<img decoding=\"async\" width=\"800\" height=\"600\" src=\"https:\/\/kunst-argentina.com\/wp-content\/uploads\/2020\/01\/IMG_9092.jpg\" class=\"attachment-large size-large wp-image-1893\" alt=\"\" loading=\"lazy\" srcset=\"https:\/\/kunst-argentina.com\/wp-content\/uploads\/2020\/01\/IMG_9092.jpg 1000w, https:\/\/kunst-argentina.com\/wp-content\/uploads\/2020\/01\/IMG_9092-300x225.jpg 300w, https:\/\/kunst-argentina.com\/wp-content\/uploads\/2020\/01\/IMG_9092-768x576.jpg 768w\" sizes=\"(max-width: 800px) 100vw, 800px\" \/>\t\t\t\t\t\t\t\t\t\t\t\t\t\t\t<\/div>\n\t\t\t\t<\/div>\n\t\t\t\t\t<\/div>\n\t\t<\/div>\n\t\t\t\t\t\t\t<\/div>\n\t\t<\/section>\n\t\t\t\t<section class=\"elementor-section elementor-top-section elementor-element elementor-element-558d905 elementor-section-boxed elementor-section-height-default elementor-section-height-default\" data-id=\"558d905\" data-element_type=\"section\">\n\t\t\t\t\t\t<div class=\"elementor-container elementor-column-gap-default\">\n\t\t\t\t\t<div class=\"elementor-column elementor-col-100 elementor-top-column elementor-element elementor-element-2978834\" data-id=\"2978834\" data-element_type=\"column\">\n\t\t\t<div class=\"elementor-widget-wrap elementor-element-populated\">\n\t\t\t\t\t\t\t\t<div class=\"elementor-element elementor-element-6512b63 elementor-widget elementor-widget-heading\" data-id=\"6512b63\" data-element_type=\"widget\" data-widget_type=\"heading.default\">\n\t\t\t\t<div class=\"elementor-widget-container\">\n\t\t\t<h3 class=\"elementor-heading-title elementor-size-default\">Galeria de Imagenes - SuperBike Argentino<\/h3>\t\t<\/div>\n\t\t\t\t<\/div>\n\t\t\t\t\t<\/div>\n\t\t<\/div>\n\t\t\t\t\t\t\t<\/div>\n\t\t<\/section>\n\t\t\t\t<section class=\"elementor-section elementor-top-section elementor-element elementor-element-dfa791d elementor-section-boxed elementor-section-height-default elementor-section-height-default\" data-id=\"dfa791d\" data-element_type=\"section\">\n\t\t\t\t\t\t<div class=\"elementor-container elementor-column-gap-default\">\n\t\t\t\t\t<div class=\"elementor-column elementor-col-100 elementor-top-column elementor-element elementor-element-a449aa1\" data-id=\"a449aa1\" data-element_type=\"column\">\n\t\t\t<div class=\"elementor-widget-wrap elementor-element-populated\">\n\t\t\t\t\t\t\t\t<div class=\"elementor-element elementor-element-27d1af5 elementor-widget-divider--view-line elementor-widget elementor-widget-divider\" data-id=\"27d1af5\" data-element_type=\"widget\" data-widget_type=\"divider.default\">\n\t\t\t\t<div class=\"elementor-widget-container\">\n\t\t\t\t\t<div class=\"elementor-divider\">\n\t\t\t<span class=\"elementor-divider-separator\">\n\t\t\t\t\t\t<\/span>\n\t\t<\/div>\n\t\t\t\t<\/div>\n\t\t\t\t<\/div>\n\t\t\t\t\t<\/div>\n\t\t<\/div>\n\t\t\t\t\t\t\t<\/div>\n\t\t<\/section>\n\t\t\t\t<section class=\"elementor-section elementor-top-section elementor-element elementor-element-0ed0fed elementor-section-boxed elementor-section-height-default elementor-section-height-default\" data-id=\"0ed0fed\" data-element_type=\"section\">\n\t\t\t\t\t\t<div class=\"elementor-container elementor-column-gap-default\">\n\t\t\t\t\t<div class=\"elementor-column elementor-col-50 elementor-top-column elementor-element elementor-element-ab93122\" data-id=\"ab93122\" data-element_type=\"column\">\n\t\t\t<div class=\"elementor-widget-wrap elementor-element-populated\">\n\t\t\t\t\t\t\t\t<div class=\"elementor-element elementor-element-995948c elementor-widget elementor-widget-heading\" data-id=\"995948c\" data-element_type=\"widget\" data-widget_type=\"heading.default\">\n\t\t\t\t<div class=\"elementor-widget-container\">\n\t\t\t<h2 class=\"elementor-heading-title elementor-size-default\">1er Sal\u00f3n del Autom\u00f3vil de Rosario<\/h2>\t\t<\/div>\n\t\t\t\t<\/div>\n\t\t\t\t<div class=\"elementor-element elementor-element-1546891 elementor-widget elementor-widget-text-editor\" data-id=\"1546891\" data-element_type=\"widget\" data-widget_type=\"text-editor.default\">\n\t\t\t\t<div class=\"elementor-widget-container\">\n\t\t\t\t\t\t\t<p>Se realizo en el Centro de Convenciones de Metropolitano el 1er Sal\u00f3n del Autom\u00f3vil de Rosario.\u00a0 Entre los muchos participantes del evento se destac\u00f3 la participaci\u00f3n de Kunst Argentina que exhibi\u00f3 una amplia gama de motos customizadas y fue una de las exhibiciones m\u00e1s concurridas del evento.\u00a0 Este importante evento fue promovido como \u201cUna Propuesta Diferente en la Ciudad\u201d con la participaci\u00f3n de reconocidas marcas de autom\u00f3viles a nivel mundial, as\u00ed como, veh\u00edculos de carga, 4&#215;4, motocicletas, accesorios y productos relacionados con el gremio automotriz.<\/p>\t\t\t\t\t\t<\/div>\n\t\t\t\t<\/div>\n\t\t\t\t\t<\/div>\n\t\t<\/div>\n\t\t\t\t<div class=\"elementor-column elementor-col-50 elementor-top-column elementor-element elementor-element-cfc832a\" data-id=\"cfc832a\" data-element_type=\"column\">\n\t\t\t<div class=\"elementor-widget-wrap elementor-element-populated\">\n\t\t\t\t\t\t\t\t<div class=\"elementor-element elementor-element-9b5eda7 elementor-widget elementor-widget-image\" data-id=\"9b5eda7\" data-element_type=\"widget\" data-widget_type=\"image.default\">\n\t\t\t\t<div class=\"elementor-widget-container\">\n\t\t\t\t\t\t\t\t\t\t\t\t\t\t\t<img decoding=\"async\" width=\"800\" height=\"600\" src=\"https:\/\/kunst-argentina.com\/wp-content\/uploads\/2020\/01\/front-1024x768.jpg\" class=\"attachment-large size-large wp-image-1927\" alt=\"\" loading=\"lazy\" srcset=\"https:\/\/kunst-argentina.com\/wp-content\/uploads\/2020\/01\/front-1024x768.jpg 1024w, https:\/\/kunst-argentina.com\/wp-content\/uploads\/2020\/01\/front-300x225.jpg 300w, https:\/\/kunst-argentina.com\/wp-content\/uploads\/2020\/01\/front-768x576.jpg 768w, https:\/\/kunst-argentina.com\/wp-content\/uploads\/2020\/01\/front.jpg 1280w\" sizes=\"(max-width: 800px) 100vw, 800px\" \/>\t\t\t\t\t\t\t\t\t\t\t\t\t\t\t<\/div>\n\t\t\t\t<\/div>\n\t\t\t\t\t<\/div>\n\t\t<\/div>\n\t\t\t\t\t\t\t<\/div>\n\t\t<\/section>\n\t\t\t\t<section class=\"elementor-section elementor-top-section elementor-element elementor-element-f38c180 elementor-section-boxed elementor-section-height-default elementor-section-height-default\" data-id=\"f38c180\" data-element_type=\"section\">\n\t\t\t\t\t\t<div class=\"elementor-container elementor-column-gap-default\">\n\t\t\t\t\t<div class=\"elementor-column elementor-col-100 elementor-top-column elementor-element elementor-element-e4a8c03\" data-id=\"e4a8c03\" data-element_type=\"column\">\n\t\t\t<div class=\"elementor-widget-wrap elementor-element-populated\">\n\t\t\t\t\t\t\t\t<div class=\"elementor-element elementor-element-81cddb2 elementor-widget elementor-widget-heading\" data-id=\"81cddb2\" data-element_type=\"widget\" data-widget_type=\"heading.default\">\n\t\t\t\t<div class=\"elementor-widget-container\">\n\t\t\t<h3 class=\"elementor-heading-title elementor-size-default\">Galeria de Imagenes 1er Sal\u00f3n del Autom\u00f3vil<\/h3>\t\t<\/div>\n\t\t\t\t<\/div>\n\t\t\t\t\t<\/div>\n\t\t<\/div>\n\t\t\t\t\t\t\t<\/div>\n\t\t<\/section>\n\t\t\t\t<section class=\"elementor-section elementor-top-section elementor-element elementor-element-37b1c62 elementor-section-boxed elementor-section-height-default elementor-section-height-default\" data-id=\"37b1c62\" data-element_type=\"section\">\n\t\t\t\t\t\t<div class=\"elementor-container elementor-column-gap-default\">\n\t\t\t\t\t<div class=\"elementor-column elementor-col-100 elementor-top-column elementor-element elementor-element-bdf4596\" data-id=\"bdf4596\" data-element_type=\"column\">\n\t\t\t<div class=\"elementor-widget-wrap elementor-element-populated\">\n\t\t\t\t\t\t\t\t\t<\/div>\n\t\t<\/div>\n\t\t\t\t\t\t\t<\/div>\n\t\t<\/section>\n\t\t\t\t<section class=\"elementor-section elementor-top-section elementor-element elementor-element-fa32db3 elementor-section-boxed elementor-section-height-default elementor-section-height-default\" data-id=\"fa32db3\" data-element_type=\"section\">\n\t\t\t\t\t\t<div class=\"elementor-container elementor-column-gap-default\">\n\t\t\t\t\t<div class=\"elementor-column elementor-col-100 elementor-top-column elementor-element elementor-element-fd3a81a\" data-id=\"fd3a81a\" data-element_type=\"column\">\n\t\t\t<div class=\"elementor-widget-wrap elementor-element-populated\">\n\t\t\t\t\t\t\t\t<div class=\"elementor-element elementor-element-57069ea elementor-widget-divider--view-line elementor-widget elementor-widget-divider\" data-id=\"57069ea\" data-element_type=\"widget\" data-widget_type=\"divider.default\">\n\t\t\t\t<div class=\"elementor-widget-container\">\n\t\t\t\t\t<div class=\"elementor-divider\">\n\t\t\t<span class=\"elementor-divider-separator\">\n\t\t\t\t\t\t<\/span>\n\t\t<\/div>\n\t\t\t\t<\/div>\n\t\t\t\t<\/div>\n\t\t\t\t\t<\/div>\n\t\t<\/div>\n\t\t\t\t\t\t\t<\/div>\n\t\t<\/section>\n\t\t\t\t<section class=\"elementor-section elementor-top-section elementor-element elementor-element-571fff1 elementor-section-boxed elementor-section-height-default elementor-section-height-default\" data-id=\"571fff1\" data-element_type=\"section\">\n\t\t\t\t\t\t<div class=\"elementor-container elementor-column-gap-default\">\n\t\t\t\t\t<div class=\"elementor-column elementor-col-50 elementor-top-column elementor-element elementor-element-bb8c4f2\" data-id=\"bb8c4f2\" data-element_type=\"column\">\n\t\t\t<div class=\"elementor-widget-wrap elementor-element-populated\">\n\t\t\t\t\t\t\t\t<div class=\"elementor-element elementor-element-b0ecf9f elementor-widget elementor-widget-image\" data-id=\"b0ecf9f\" data-element_type=\"widget\" data-widget_type=\"image.default\">\n\t\t\t\t<div class=\"elementor-widget-container\">\n\t\t\t\t\t\t\t\t\t\t\t\t<figure class=\"wp-caption\">\n\t\t\t\t\t\t\t\t\t\t<img decoding=\"async\" width=\"600\" height=\"400\" src=\"https:\/\/kunst-argentina.com\/wp-content\/uploads\/2019\/04\/IMG_2102-600x400.jpg\" class=\"attachment-onepress-medium size-onepress-medium wp-image-1609\" alt=\"\" loading=\"lazy\" \/>\t\t\t\t\t\t\t\t\t\t\t<figcaption class=\"widget-image-caption wp-caption-text\">El staff de Kunsta Argentina en al Herencia Custom Garage Tour, 2019 - Funes Argentina<\/figcaption>\n\t\t\t\t\t\t\t\t\t\t<\/figure>\n\t\t\t\t\t\t\t\t\t<\/div>\n\t\t\t\t<\/div>\n\t\t\t\t\t<\/div>\n\t\t<\/div>\n\t\t\t\t<div class=\"elementor-column elementor-col-50 elementor-top-column elementor-element elementor-element-7f9468f\" data-id=\"7f9468f\" data-element_type=\"column\">\n\t\t\t<div class=\"elementor-widget-wrap elementor-element-populated\">\n\t\t\t\t\t\t\t\t<div class=\"elementor-element elementor-element-08fa761 elementor-widget elementor-widget-heading\" data-id=\"08fa761\" data-element_type=\"widget\" data-widget_type=\"heading.default\">\n\t\t\t\t<div class=\"elementor-widget-container\">\n\t\t\t<h3 class=\"elementor-heading-title elementor-size-large\">Herencia Custom Garage Tour, 2019<\/h3>\t\t<\/div>\n\t\t\t\t<\/div>\n\t\t\t\t<div class=\"elementor-element elementor-element-f5a66d2 elementor-widget elementor-widget-text-editor\" data-id=\"f5a66d2\" data-element_type=\"widget\" data-widget_type=\"text-editor.default\">\n\t\t\t\t<div class=\"elementor-widget-container\">\n\t\t\t\t\t\t\t<p>Se llevo a cabo en Funes, Santa Fe el 27 de Abril el Herencia Custom Garage\u00a0Tour 2019.\u00a0 Este importante evento incluyo un encuentro de riders de Rosario con riders de Buenos Aires en el km 254 de la Autopista Rosario-BsAs. Luego del encuentro se realiz\u00f3 una rodada que incluyo centenares de motos desde ah\u00ed hasta Ezequiel Toia Autom\u00f3viles &#8211; Triumph Rosario, lugar donde se realiz\u00f3 la exposici\u00f3n. En el stand de Kunst Argentina los visitantes al expo pudieron conversar con Axolote y el staff de Kunst Argentina sobre sus proyectos y ver algunos de los trabajos de Kunst Argentina.\u00a0 Tambi\u00e9n se realiz\u00f3 el sorteo del trabajo art\u00edstico sobre un casco.<\/p><p>Agradecemos a todos los que nos visitaron y esperamos verlos en la siguiente.<\/p>\t\t\t\t\t\t<\/div>\n\t\t\t\t<\/div>\n\t\t\t\t\t<\/div>\n\t\t<\/div>\n\t\t\t\t\t\t\t<\/div>\n\t\t<\/section>\n\t\t\t\t<section class=\"elementor-section elementor-top-section elementor-element elementor-element-d6d8e3a elementor-section-boxed elementor-section-height-default elementor-section-height-default\" data-id=\"d6d8e3a\" data-element_type=\"section\">\n\t\t\t\t\t\t<div class=\"elementor-container elementor-column-gap-default\">\n\t\t\t\t\t<div class=\"elementor-column elementor-col-100 elementor-top-column elementor-element elementor-element-c73771d\" data-id=\"c73771d\" data-element_type=\"column\">\n\t\t\t<div class=\"elementor-widget-wrap elementor-element-populated\">\n\t\t\t\t\t\t\t\t<div class=\"elementor-element elementor-element-58ae389 elementor-widget elementor-widget-heading\" data-id=\"58ae389\" data-element_type=\"widget\" data-widget_type=\"heading.default\">\n\t\t\t\t<div class=\"elementor-widget-container\">\n\t\t\t<h3 class=\"elementor-heading-title elementor-size-default\">Galeria de Imagenes Herencia Custom Garage Tour<\/h3>\t\t<\/div>\n\t\t\t\t<\/div>\n\t\t\t\t\t<\/div>\n\t\t<\/div>\n\t\t\t\t\t\t\t<\/div>\n\t\t<\/section>\n\t\t\t\t<section class=\"elementor-section elementor-top-section elementor-element elementor-element-1a9353e elementor-section-boxed elementor-section-height-default elementor-section-height-default\" data-id=\"1a9353e\" data-element_type=\"section\">\n\t\t\t\t\t\t<div class=\"elementor-container elementor-column-gap-default\">\n\t\t\t\t\t<div class=\"elementor-column elementor-col-100 elementor-top-column elementor-element elementor-element-04631e7\" data-id=\"04631e7\" data-element_type=\"column\">\n\t\t\t<div class=\"elementor-widget-wrap elementor-element-populated\">\n\t\t\t\t\t\t\t\t\t<\/div>\n\t\t<\/div>\n\t\t\t\t\t\t\t<\/div>\n\t\t<\/section>\n\t\t\t\t\t\t\t<\/div>\n\t\t","protected":false},"excerpt":{"rendered":"<p>Eventos Kunst Final Torneo Superbike Argentino San Nicolas, Bs. As. 2019 Kunst Argentina se unio al Equipo de Motor Dos para participar como expositor en la final del torneo Superbike &#8230;<\/p>\n","protected":false},"author":1,"featured_media":0,"parent":0,"menu_order":0,"comment_status":"closed","ping_status":"closed","template":"elementor_header_footer","meta":[],"_links":{"self":[{"href":"https:\/\/kunst-argentina.com\/index.php?rest_route=\/wp\/v2\/pages\/1604"}],"collection":[{"href":"https:\/\/kunst-argentina.com\/index.php?rest_route=\/wp\/v2\/pages"}],"about":[{"href":"https:\/\/kunst-argentina.com\/index.php?rest_route=\/wp\/v2\/types\/page"}],"author":[{"embeddable":true,"href":"https:\/\/kunst-argentina.com\/index.php?rest_route=\/wp\/v2\/users\/1"}],"replies":[{"embeddable":true,"href":"https:\/\/kunst-argentina.com\/index.php?rest_route=%2Fwp%2Fv2%2Fcomments&post=1604"}],"version-history":[{"count":36,"href":"https:\/\/kunst-argentina.com\/index.php?rest_route=\/wp\/v2\/pages\/1604\/revisions"}],"predecessor-version":[{"id":2031,"href":"https:\/\/kunst-argentina.com\/index.php?rest_route=\/wp\/v2\/pages\/1604\/revisions\/2031"}],"wp:attachment":[{"href":"https:\/\/kunst-argentina.com\/index.php?rest_route=%2Fwp%2Fv2%2Fmedia&parent=1604"}],"curies":[{"name":"wp","href":"https:\/\/api.w.org\/{rel}","templated":true}]}}