{"id":2240,"date":"2021-11-27T15:25:19","date_gmt":"2021-11-27T18:25:19","guid":{"rendered":"https:\/\/kunst-argentina.com\/?page_id=2240"},"modified":"2021-11-28T21:33:52","modified_gmt":"2021-11-29T00:33:52","slug":"elementor-2240","status":"publish","type":"page","link":"https:\/\/kunst-argentina.com\/?page_id=2240","title":{"rendered":"Elementor #2240"},"content":{"rendered":"\t\t<div data-elementor-type=\"wp-page\" data-elementor-id=\"2240\" class=\"elementor elementor-2240\">\n\t\t\t\t\t\t\t\t\t<section class=\"elementor-section elementor-top-section elementor-element elementor-element-7b37083 elementor-section-boxed elementor-section-height-default elementor-section-height-default\" data-id=\"7b37083\" data-element_type=\"section\">\n\t\t\t\t\t\t<div class=\"elementor-container elementor-column-gap-default\">\n\t\t\t\t\t<div class=\"elementor-column elementor-col-100 elementor-top-column elementor-element elementor-element-71b55d5\" data-id=\"71b55d5\" data-element_type=\"column\">\n\t\t\t<div class=\"elementor-widget-wrap elementor-element-populated\">\n\t\t\t\t\t\t\t\t<div class=\"elementor-element elementor-element-01c1561 elementor-widget elementor-widget-heading\" data-id=\"01c1561\" data-element_type=\"widget\" data-widget_type=\"heading.default\">\n\t\t\t\t<div class=\"elementor-widget-container\">\n\t\t\t<h2 class=\"elementor-heading-title elementor-size-default\">Pintura y Renovaci\u00f3n Est\u00e9tica de Motos de Agua<\/h2>\t\t<\/div>\n\t\t\t\t<\/div>\n\t\t\t\t\t<\/div>\n\t\t<\/div>\n\t\t\t\t\t\t\t<\/div>\n\t\t<\/section>\n\t\t\t\t<section class=\"elementor-section elementor-top-section elementor-element elementor-element-42c6445 elementor-section-boxed elementor-section-height-default elementor-section-height-default\" data-id=\"42c6445\" data-element_type=\"section\">\n\t\t\t\t\t\t<div class=\"elementor-container elementor-column-gap-default\">\n\t\t\t\t\t<div class=\"elementor-column elementor-col-50 elementor-top-column elementor-element elementor-element-3992f32\" data-id=\"3992f32\" data-element_type=\"column\">\n\t\t\t<div class=\"elementor-widget-wrap elementor-element-populated\">\n\t\t\t\t\t\t\t\t<div class=\"elementor-element elementor-element-e5072f1 elementor-widget elementor-widget-image\" data-id=\"e5072f1\" data-element_type=\"widget\" data-widget_type=\"image.default\">\n\t\t\t\t<div class=\"elementor-widget-container\">\n\t\t\t\t\t\t\t\t\t\t\t\t\t\t\t<img decoding=\"async\" width=\"655\" height=\"1024\" src=\"https:\/\/kunst-argentina.com\/wp-content\/uploads\/2021\/11\/Folleto-Motos-de-Agua-Final-resize-655x1024.jpg\" class=\"attachment-large size-large wp-image-2250\" alt=\"\" loading=\"lazy\" srcset=\"https:\/\/kunst-argentina.com\/wp-content\/uploads\/2021\/11\/Folleto-Motos-de-Agua-Final-resize-655x1024.jpg 655w, https:\/\/kunst-argentina.com\/wp-content\/uploads\/2021\/11\/Folleto-Motos-de-Agua-Final-resize-192x300.jpg 192w, https:\/\/kunst-argentina.com\/wp-content\/uploads\/2021\/11\/Folleto-Motos-de-Agua-Final-resize-768x1201.jpg 768w, https:\/\/kunst-argentina.com\/wp-content\/uploads\/2021\/11\/Folleto-Motos-de-Agua-Final-resize-983x1536.jpg 983w, https:\/\/kunst-argentina.com\/wp-content\/uploads\/2021\/11\/Folleto-Motos-de-Agua-Final-resize-1310x2048.jpg 1310w, https:\/\/kunst-argentina.com\/wp-content\/uploads\/2021\/11\/Folleto-Motos-de-Agua-Final-resize-scaled.jpg 1638w\" sizes=\"(max-width: 655px) 100vw, 655px\" \/>\t\t\t\t\t\t\t\t\t\t\t\t\t\t\t<\/div>\n\t\t\t\t<\/div>\n\t\t\t\t\t<\/div>\n\t\t<\/div>\n\t\t\t\t<div class=\"elementor-column elementor-col-50 elementor-top-column elementor-element elementor-element-576e0c5\" data-id=\"576e0c5\" data-element_type=\"column\">\n\t\t\t<div class=\"elementor-widget-wrap elementor-element-populated\">\n\t\t\t\t\t\t\t\t<div class=\"elementor-element elementor-element-668fb3f elementor-widget elementor-widget-text-editor\" data-id=\"668fb3f\" data-element_type=\"widget\" data-widget_type=\"text-editor.default\">\n\t\t\t\t<div class=\"elementor-widget-container\">\n\t\t\t\t\t\t\t<p>El servicio de pintura y renovaci\u00f2n est\u00e8tica de motos de agua de Kunst Argentina le permite lucir moto de agua y al mismo tiempo proteger su inversion.\u00a0<\/p>\t\t\t\t\t\t<\/div>\n\t\t\t\t<\/div>\n\t\t\t\t<div class=\"elementor-element elementor-element-2754d25 elementor-widget elementor-widget-heading\" data-id=\"2754d25\" data-element_type=\"widget\" data-widget_type=\"heading.default\">\n\t\t\t\t<div class=\"elementor-widget-container\">\n\t\t\t<h2 class=\"elementor-heading-title elementor-size-default\">Exclusivo en Rosario<\/h2>\t\t<\/div>\n\t\t\t\t<\/div>\n\t\t\t\t<div class=\"elementor-element elementor-element-fd94dd0 elementor-widget elementor-widget-image\" data-id=\"fd94dd0\" data-element_type=\"widget\" data-widget_type=\"image.default\">\n\t\t\t\t<div class=\"elementor-widget-container\">\n\t\t\t\t\t\t\t\t\t\t\t\t\t\t\t<img decoding=\"async\" width=\"800\" height=\"278\" src=\"https:\/\/kunst-argentina.com\/wp-content\/uploads\/2021\/11\/4-imagenes-resize-1024x356.jpg\" class=\"attachment-large size-large wp-image-2278\" alt=\"\" loading=\"lazy\" srcset=\"https:\/\/kunst-argentina.com\/wp-content\/uploads\/2021\/11\/4-imagenes-resize-1024x356.jpg 1024w, https:\/\/kunst-argentina.com\/wp-content\/uploads\/2021\/11\/4-imagenes-resize-300x104.jpg 300w, https:\/\/kunst-argentina.com\/wp-content\/uploads\/2021\/11\/4-imagenes-resize-768x267.jpg 768w, https:\/\/kunst-argentina.com\/wp-content\/uploads\/2021\/11\/4-imagenes-resize-1536x535.jpg 1536w, https:\/\/kunst-argentina.com\/wp-content\/uploads\/2021\/11\/4-imagenes-resize.jpg 2000w\" sizes=\"(max-width: 800px) 100vw, 800px\" \/>\t\t\t\t\t\t\t\t\t\t\t\t\t\t\t<\/div>\n\t\t\t\t<\/div>\n\t\t\t\t<div class=\"elementor-element elementor-element-e4c1c19 elementor-widget elementor-widget-text-editor\" data-id=\"e4c1c19\" data-element_type=\"widget\" data-widget_type=\"text-editor.default\">\n\t\t\t\t<div class=\"elementor-widget-container\">\n\t\t\t\t\t\t\t<p>Nuestros especialistas pueden restaurar la apariencia original de su moto de agua o customizarlo dandole una dise\u00f1o nuevo e \u00f9nico.<\/p><p>El Tratamiento Renew It by Kunst es una restauracion que se inicia con un lijado de proa a popa de la moto donde las imperfeciones de la superficie son macilladas y vueltas a lijar hasta dejar la superficie impecable para pintar.\u00a0<\/p><p>Las terminaciones incluyen pulido Gelcoat. Abrillantado, sellado e hidrataci\u00f3n de pl\u00e1sticos negros. Detallado de comando y limpieza de tambucho \u00a0<\/p>\t\t\t\t\t\t<\/div>\n\t\t\t\t<\/div>\n\t\t\t\t\t<\/div>\n\t\t<\/div>\n\t\t\t\t\t\t\t<\/div>\n\t\t<\/section>\n\t\t\t\t\t\t\t<\/div>\n\t\t","protected":false},"excerpt":{"rendered":"<p>Pintura y Renovaci\u00f3n Est\u00e9tica de Motos de Agua El servicio de pintura y renovaci\u00f2n est\u00e8tica de motos de agua de Kunst Argentina le permite lucir moto de agua y al &#8230;<\/p>\n","protected":false},"author":1,"featured_media":0,"parent":0,"menu_order":0,"comment_status":"closed","ping_status":"closed","template":"","meta":[],"_links":{"self":[{"href":"https:\/\/kunst-argentina.com\/index.php?rest_route=\/wp\/v2\/pages\/2240"}],"collection":[{"href":"https:\/\/kunst-argentina.com\/index.php?rest_route=\/wp\/v2\/pages"}],"about":[{"href":"https:\/\/kunst-argentina.com\/index.php?rest_route=\/wp\/v2\/types\/page"}],"author":[{"embeddable":true,"href":"https:\/\/kunst-argentina.com\/index.php?rest_route=\/wp\/v2\/users\/1"}],"replies":[{"embeddable":true,"href":"https:\/\/kunst-argentina.com\/index.php?rest_route=%2Fwp%2Fv2%2Fcomments&post=2240"}],"version-history":[{"count":31,"href":"https:\/\/kunst-argentina.com\/index.php?rest_route=\/wp\/v2\/pages\/2240\/revisions"}],"predecessor-version":[{"id":2281,"href":"https:\/\/kunst-argentina.com\/index.php?rest_route=\/wp\/v2\/pages\/2240\/revisions\/2281"}],"wp:attachment":[{"href":"https:\/\/kunst-argentina.com\/index.php?rest_route=%2Fwp%2Fv2%2Fmedia&parent=2240"}],"curies":[{"name":"wp","href":"https:\/\/api.w.org\/{rel}","templated":true}]}}